{"id":65,"date":"2021-10-26T18:11:35","date_gmt":"2021-10-26T16:11:35","guid":{"rendered":"http:\/\/s888905976.online.de\/?page_id=65"},"modified":"2025-10-27T17:27:32","modified_gmt":"2025-10-27T16:27:32","slug":"hauptseite","status":"publish","type":"page","link":"https:\/\/daebritz-pmd.eu\/en\/","title":{"rendered":""},"content":{"rendered":"<figure class=\"wp-block-image size-full is-resized is-style-default\"><img loading=\"lazy\" decoding=\"async\" width=\"688\" height=\"441\" src=\"https:\/\/daebritz-pmd.eu\/wp-content\/uploads\/2021\/10\/logo2.png\" alt=\"Daebritz-PMD\" class=\"wp-image-166\" style=\"object-fit:contain;width:600px;height:385px\" srcset=\"https:\/\/daebritz-pmd.eu\/wp-content\/uploads\/2021\/10\/logo2.png 688w, https:\/\/daebritz-pmd.eu\/wp-content\/uploads\/2021\/10\/logo2-300x192.png 300w\" sizes=\"auto, (max-width: 688px) 100vw, 688px\" \/><\/figure>\n\n\n\n<p>Your patent attorney in Dresden, in the Dresden\/G\u00f6rlitz\/Freiberg area, Leipzig\/Halle and for international mandates in Berlin\/Hamburg and Munich.<\/p>\n\n\n\n<p>Information on services, the types of IP rights as well as on the Dresden office can be found in the menu.<\/p>\n\n\n\n<p>On each page you have the opportunity to send a specific <a href=\"https:\/\/daebritz-pmd.eu\/en\/daebritz-pmd-eu\/erstberatung\/\" data-type=\"page\" data-id=\"210\" target=\"_blank\" rel=\"noreferrer noopener\">inquiry\/request for a callback<\/a> or to arrange a free initial telephone consultation. During this initial consultation, we can discuss your needs together (approximately 30-45 min). Depending on the outcome, we will then be happy to provide you with a non-binding offer. We will agree the scope of the activity with you before any work is done.<\/p>\n\n\n\n<p><\/p>\n\n\n\n<p>Since the beginning of 2024 Dr. D\u00e4britz has been a partner in the law and patent law firm <a href=\"http:\/\/www.dinter-kreissig.de\" target=\"_blank\" rel=\"noopener\">Dinter, Krei\u00dfig &amp; Partner mbB<\/a>.<\/p>","protected":false},"excerpt":{"rendered":"<p>Ihr Patentanwalt in Dresden, im Raum Dresden\/G\u00f6rlitz\/Freiberg, Leipzig\/Halle und f\u00fcr internationale Mandate in Berlin\/Hamburg und M\u00fcnchen. Informationen \u00fcber Leistungen, die Schutzrechtsarten sowie \u00fcber die Dresdner Kanzlei finden Sie im Men\u00fc. [&hellip;]<\/p>\n","protected":false},"author":1,"featured_media":0,"parent":0,"menu_order":0,"comment_status":"closed","ping_status":"closed","template":"","meta":{"footnotes":""},"class_list":["post-65","page","type-page","status-publish","hentry"],"_links":{"self":[{"href":"https:\/\/daebritz-pmd.eu\/en\/wp-json\/wp\/v2\/pages\/65","targetHints":{"allow":["GET"]}}],"collection":[{"href":"https:\/\/daebritz-pmd.eu\/en\/wp-json\/wp\/v2\/pages"}],"about":[{"href":"https:\/\/daebritz-pmd.eu\/en\/wp-json\/wp\/v2\/types\/page"}],"author":[{"embeddable":true,"href":"https:\/\/daebritz-pmd.eu\/en\/wp-json\/wp\/v2\/users\/1"}],"replies":[{"embeddable":true,"href":"https:\/\/daebritz-pmd.eu\/en\/wp-json\/wp\/v2\/comments?post=65"}],"version-history":[{"count":39,"href":"https:\/\/daebritz-pmd.eu\/en\/wp-json\/wp\/v2\/pages\/65\/revisions"}],"predecessor-version":[{"id":845,"href":"https:\/\/daebritz-pmd.eu\/en\/wp-json\/wp\/v2\/pages\/65\/revisions\/845"}],"wp:attachment":[{"href":"https:\/\/daebritz-pmd.eu\/en\/wp-json\/wp\/v2\/media?parent=65"}],"curies":[{"name":"wp","href":"https:\/\/api.w.org\/{rel}","templated":true}]}}