{"id":161,"date":"2021-10-28T12:45:05","date_gmt":"2021-10-28T10:45:05","guid":{"rendered":"http:\/\/s888905976.online.de\/?page_id=161"},"modified":"2023-02-01T13:20:44","modified_gmt":"2023-02-01T12:20:44","slug":"datenschutz","status":"publish","type":"page","link":"https:\/\/daebritz-pmd.eu\/en\/datenschutz","title":{"rendered":"Data privacy"},"content":{"rendered":"<h2 class=\"wp-block-heading\" id=\"m14\">Einleitung<\/h2>\n\n\n\n<p>Mit der folgenden Datenschutzerkl\u00e4rung m\u00f6chten wir Sie dar\u00fcber aufkl\u00e4ren, welche Arten Ihrer personenbezogenen Daten (nachfolgend auch kurz als &#8222;Daten\u201c bezeichnet) wir zu welchen Zwecken und in welchem Umfang verarbeiten. Die Datenschutzerkl\u00e4rung gilt f\u00fcr alle von uns durchgef\u00fchrten Verarbeitungen personenbezogener Daten, sowohl im Rahmen der Erbringung unserer Leistungen als auch insbesondere auf unseren Webseiten, in mobilen Applikationen sowie innerhalb externer Onlinepr\u00e4senzen, wie z.B. unserer Social-Media-Profile (nachfolgend zusammenfassend bezeichnet als &#8222;Onlineangebot\u201c).<\/p>\n\n\n\n<p>Die verwendeten Begriffe sind nicht geschlechtsspezifisch.<\/p>\n\n\n\n<p>Stand: 27. Januar 2022<\/p>\n\n\n\n<h2 class=\"wp-block-heading\" id=\"inhaltsubersicht\">Inhalts\u00fcbersicht<\/h2>\n\n\n\n<ul class=\"wp-block-list\">\n<li><a href=\"https:\/\/daebritz-pmd.eu\/en\/datenschutz\/#m14\">Einleitung<\/a><\/li>\n\n\n\n<li><a href=\"#m3\">Verantwortlicher<\/a><\/li>\n\n\n\n<li><a href=\"#mOverview\">\u00dcbersicht der Verarbeitungen<\/a><\/li>\n\n\n\n<li><a href=\"#m13\">Ma\u00dfgebliche Rechtsgrundlagen<\/a><\/li>\n\n\n\n<li><a href=\"#m12\">L\u00f6schung von Daten<\/a><\/li>\n\n\n\n<li><a href=\"#m225\">Bereitstellung des Onlineangebotes und Webhosting<\/a><\/li>\n\n\n\n<li><a href=\"#m182\">Kontakt- und Anfragenverwaltung<\/a><\/li>\n\n\n\n<li><a href=\"#m15\">\u00c4nderung und Aktualisierung der Datenschutzerkl\u00e4rung<\/a><\/li>\n\n\n\n<li><a href=\"#m10\">Rechte der betroffenen Personen<\/a><\/li>\n\n\n\n<li><a href=\"#m42\">Begriffsdefinitionen<\/a><\/li>\n<\/ul>\n\n\n\n<h2 class=\"wp-block-heading\" id=\"m3\">Verantwortlicher<\/h2>\n\n\n\n<p><a href=\"https:\/\/daebritz-pmd.eu\/en\/patentanwalt\/\" type=\"URL\" id=\"https:\/\/daebritz-pmd.eu\/kanzlei\" target=\"_blank\" rel=\"noreferrer noopener\">Dr. Frank <\/a><a href=\"https:\/\/daebritz-pmd.eu\/en\/patentanwalt\/\" target=\"_blank\" data-type=\"URL\" data-id=\"https:\/\/daebritz-pmd.eu\/kanzlei\" rel=\"noreferrer noopener\">D\u00e4britz<\/a><br>01099 Dresden<br>E-Mail-Adresse:<\/p>\n\n\n\n<p>info@daebritz-pmd.eu<br>Telefon: 0351 2171 8440<\/p>\n\n\n\n<h2 class=\"wp-block-heading\" id=\"mOverview\">\u00dcbersicht der Verarbeitungen<\/h2>\n\n\n\n<p>Die nachfolgende \u00dcbersicht fasst die Arten der verarbeiteten Daten und die Zwecke ihrer Verarbeitung zusammen und verweist auf die betroffenen Personen.<\/p>\n\n\n\n<h3 class=\"wp-block-heading\" id=\"arten-der-verarbeiteten-daten\">Arten der verarbeiteten Daten<\/h3>\n\n\n\n<ul class=\"wp-block-list\">\n<li>Bestandsdaten.<\/li>\n\n\n\n<li>Kontaktdaten.<\/li>\n\n\n\n<li>Inhaltsdaten.<\/li>\n\n\n\n<li>Nutzungsdaten.<\/li>\n\n\n\n<li>Meta-\/Kommunikationsdaten.<\/li>\n<\/ul>\n\n\n\n<h3 class=\"wp-block-heading\" id=\"kategorien-betroffener-personen\">Kategorien betroffener Personen<\/h3>\n\n\n\n<ul class=\"wp-block-list\">\n<li>Kommunikationspartner.<\/li>\n\n\n\n<li>Nutzer.<\/li>\n<\/ul>\n\n\n\n<h3 class=\"wp-block-heading\" id=\"zwecke-der-verarbeitung\">Zwecke der Verarbeitung<\/h3>\n\n\n\n<ul class=\"wp-block-list\">\n<li>Erbringung vertraglicher Leistungen und Kundenservice.<\/li>\n\n\n\n<li>Kontaktanfragen und Kommunikation.<\/li>\n\n\n\n<li>Bereitstellung unseres Onlineangebotes und Nutzerfreundlichkeit.<\/li>\n<\/ul>\n\n\n\n<h3 class=\"wp-block-heading\" id=\"m13\">Ma\u00dfgebliche Rechtsgrundlagen<\/h3>\n\n\n\n<p>Im Folgenden erhalten Sie eine \u00dcbersicht der Rechtsgrundlagen der DSGVO, auf deren Basis wir personenbezogene Daten verarbeiten. Bitte nehmen Sie zur Kenntnis, dass neben den Regelungen der DSGVO nationale Datenschutzvorgaben in Ihrem bzw. unserem Wohn- oder Sitzland gelten k\u00f6nnen. Sollten ferner im Einzelfall speziellere Rechtsgrundlagen ma\u00dfgeblich sein, teilen wir Ihnen diese in der Datenschutzerkl\u00e4rung mit.<\/p>\n\n\n\n<ul class=\"wp-block-list\">\n<li><strong>Vertragserf\u00fcllung und vorvertragliche Anfragen (Art. 6 Abs. 1 S. 1 lit. b. DSGVO)<\/strong> &#8211; Die Verarbeitung ist f\u00fcr die Erf\u00fcllung eines Vertrags, dessen Vertragspartei die betroffene Person ist, oder zur Durchf\u00fchrung vorvertraglicher Ma\u00dfnahmen erforderlich, die auf Anfrage der betroffenen Person erfolgen.<\/li>\n\n\n\n<li><strong>Rechtliche Verpflichtung (Art. 6 Abs. 1 S. 1 lit. c. DSGVO)<\/strong> &#8211; Die Verarbeitung ist zur Erf\u00fcllung einer rechtlichen Verpflichtung erforderlich, der der Verantwortliche unterliegt.<\/li>\n\n\n\n<li><strong>Berechtigte Interessen (Art. 6 Abs. 1 S. 1 lit. f. DSGVO)<\/strong> &#8211; Die Verarbeitung ist zur Wahrung der berechtigten Interessen des Verantwortlichen oder eines Dritten erforderlich, sofern nicht die Interessen oder Grundrechte und Grundfreiheiten der betroffenen Person, die den Schutz personenbezogener Daten erfordern, \u00fcberwiegen.<\/li>\n<\/ul>\n\n\n\n<p>Zus\u00e4tzlich zu den Datenschutzregelungen der Datenschutz-Grundverordnung gelten nationale Regelungen zum Datenschutz in Deutschland. Hierzu geh\u00f6rt insbesondere das Gesetz zum Schutz vor Missbrauch personenbezogener Daten bei der Datenverarbeitung (Bundesdatenschutzgesetz \u2013 BDSG). Das BDSG enth\u00e4lt insbesondere Spezialregelungen zum Recht auf Auskunft, zum Recht auf L\u00f6schung, zum Widerspruchsrecht, zur Verarbeitung besonderer Kategorien personenbezogener Daten, zur Verarbeitung f\u00fcr andere Zwecke und zur \u00dcbermittlung sowie automatisierten Entscheidungsfindung im Einzelfall einschlie\u00dflich Profiling. Des Weiteren regelt es die Datenverarbeitung f\u00fcr Zwecke des Besch\u00e4ftigungsverh\u00e4ltnisses (\u00a7 26 BDSG), insbesondere im Hinblick auf die Begr\u00fcndung, Durchf\u00fchrung oder Beendigung von Besch\u00e4ftigungsverh\u00e4ltnissen sowie die Einwilligung von Besch\u00e4ftigten. Ferner k\u00f6nnen Landesdatenschutzgesetze der einzelnen Bundesl\u00e4nder zur Anwendung gelangen.<\/p>\n\n\n\n<h2 class=\"wp-block-heading\" id=\"m12\">L\u00f6schung von Daten<\/h2>\n\n\n\n<p>Die von uns verarbeiteten Daten werden nach Ma\u00dfgabe der gesetzlichen Vorgaben gel\u00f6scht, sobald deren zur Verarbeitung erlaubten Einwilligungen widerrufen werden oder sonstige Erlaubnisse entfallen (z.B. wenn der Zweck der Verarbeitung dieser Daten entfallen ist oder sie f\u00fcr den Zweck nicht erforderlich sind).<\/p>\n\n\n\n<p>Sofern die Daten nicht gel\u00f6scht werden, weil sie f\u00fcr andere und gesetzlich zul\u00e4ssige Zwecke erforderlich sind, wird deren Verarbeitung auf diese Zwecke beschr\u00e4nkt. D.h., die Daten werden gesperrt und nicht f\u00fcr andere Zwecke verarbeitet. Das gilt z.B. f\u00fcr Daten, die aus handels- oder steuerrechtlichen Gr\u00fcnden aufbewahrt werden m\u00fcssen oder deren Speicherung zur Geltendmachung, Aus\u00fcbung oder Verteidigung von Rechtsanspr\u00fcchen oder zum Schutz der Rechte einer anderen nat\u00fcrlichen oder juristischen Person erforderlich ist.<\/p>\n\n\n\n<p>Unsere Datenschutzhinweise k\u00f6nnen ferner weitere Angaben zu der Aufbewahrung und L\u00f6schung von Daten beinhalten, die f\u00fcr die jeweiligen Verarbeitungen vorrangig gelten.<\/p>\n\n\n\n<h2 class=\"wp-block-heading\" id=\"m225\">Bereitstellung des Onlineangebotes und Webhosting<\/h2>\n\n\n\n<p>Um unser Onlineangebot sicher und effizient bereitstellen zu k\u00f6nnen, nehmen wir die Leistungen von einem oder mehreren Webhosting-Anbietern in Anspruch, von deren Servern (bzw. von ihnen verwalteten Servern) das Onlineangebot abgerufen werden kann. Zu diesen Zwecken k\u00f6nnen wir Infrastruktur- und Plattformdienstleistungen, Rechenkapazit\u00e4t, Speicherplatz und Datenbankdienste sowie Sicherheitsleistungen und technische Wartungsleistungen in Anspruch nehmen.<\/p>\n\n\n\n<p>Zu den im Rahmen der Bereitstellung des Hostingangebotes verarbeiteten Daten k\u00f6nnen alle die Nutzer unseres Onlineangebotes betreffenden Angaben geh\u00f6ren, die im Rahmen der Nutzung und der Kommunikation anfallen. Hierzu geh\u00f6ren regelm\u00e4\u00dfig die IP-Adresse, die notwendig ist, um die Inhalte von Onlineangeboten an Browser ausliefern zu k\u00f6nnen, und alle innerhalb unseres Onlineangebotes oder von Webseiten get\u00e4tigten Eingaben.<\/p>\n\n\n\n<ul class=\"wp-block-list\">\n<li><strong>Verarbeitete Datenarten:<\/strong> Inhaltsdaten (z.B. Eingaben in Onlineformularen); Nutzungsdaten (z.B. besuchte Webseiten, Interesse an Inhalten, Zugriffszeiten); Meta-\/Kommunikationsdaten (z.B. Ger\u00e4te-Informationen, IP-Adressen).<\/li>\n\n\n\n<li><strong>Betroffene Personen:<\/strong> Nutzer (z.B. Webseitenbesucher, Nutzer von Onlinediensten).<\/li>\n\n\n\n<li><strong>Zwecke der Verarbeitung:<\/strong> Bereitstellung unseres Onlineangebotes und Nutzerfreundlichkeit; Erbringung vertraglicher Leistungen und Kundenservice.<\/li>\n\n\n\n<li><strong>Rechtsgrundlagen:<\/strong> Berechtigte Interessen (Art. 6 Abs. 1 S. 1 lit. f. DSGVO).<\/li>\n<\/ul>\n\n\n\n<p><strong>Weitere Hinweise zu Verarbeitungsprozessen, Verfahren und Diensten:<\/strong><\/p>\n\n\n\n<ul class=\"wp-block-list\">\n<li><strong>Erhebung von Zugriffsdaten und Logfiles: <\/strong>Wir selbst (bzw. unser Webhostinganbieter) erheben Daten zu jedem Zugriff auf den Server (sogenannte Serverlogfiles). Zu den Serverlogfiles k\u00f6nnen die Adresse und Name der abgerufenen Webseiten und Dateien, Datum und Uhrzeit des Abrufs, \u00fcbertragene Datenmengen, Meldung \u00fcber erfolgreichen Abruf, Browsertyp nebst Version, das Betriebssystem des Nutzers, Referrer URL (die zuvor besuchte Seite) und im Regelfall IP-Adressen und der anfragende Provider geh\u00f6ren. Die Serverlogfiles k\u00f6nnen zum einen zu Zwecken der Sicherheit eingesetzt werden, z.B., um eine \u00dcberlastung der Server zu vermeiden (insbesondere im Fall von missbr\u00e4uchlichen Angriffen, sogenannten DDoS-Attacken) und zum anderen, um die Auslastung der Server und ihre Stabilit\u00e4t sicherzustellen; <strong>L\u00f6schung von Daten:<\/strong> Logfile-Informationen werden f\u00fcr die Dauer von maximal 30 Tagen gespeichert und danach gel\u00f6scht oder anonymisiert. Daten, deren weitere Aufbewahrung zu Beweiszwecken erforderlich ist, sind bis zur endg\u00fcltigen Kl\u00e4rung des jeweiligen Vorfalls von der L\u00f6schung ausgenommen.<\/li>\n\n\n\n<li><strong>IONOS by 1&amp;1: <\/strong>Hostingplattform f\u00fcr E-Commerce \/ Websites; <strong>Dienstanbieter:<\/strong> 1&amp;1 IONOS SE, Elgendorfer Str. 57, 56410 Montabaur, Deutschland; <strong>Website:<\/strong> <a href=\"https:\/\/www.ionos.de\" target=\"_blank\" rel=\"noreferrer noopener\">https:\/\/www.ionos.de<\/a>; <strong>Datenschutzerkl\u00e4rung:<\/strong> <a href=\"https:\/\/www.ionos.de\/terms-gtc\/terms-privacy\" target=\"_blank\" rel=\"noreferrer noopener\">https:\/\/www.ionos.de\/terms-gtc\/terms-privacy<\/a>; <strong>Auftragsverarbeitungsvertrag:<\/strong> <a href=\"https:\/\/www.ionos.de\/hilfe\/datenschutz\/allgemeine-informationen-zur-datenschutz-grundverordnung-dsgvo\/auftragsverarbeitung\/?utm_source=search&amp;utm_medium=global&amp;utm_term=Auft&amp;utm_campaign=HELP_CENTER&amp;utm_content=\/hilfe\/\" target=\"_blank\" rel=\"noreferrer noopener\">LINK<\/a>.<\/li>\n<\/ul>\n\n\n\n<h2 class=\"wp-block-heading\" id=\"m182\">Kontakt- und Anfragenverwaltung<\/h2>\n\n\n\n<p>Bei der Kontaktaufnahme mit uns (z.B. per Kontaktformular, E-Mail, Telefon oder via soziale Medien) sowie im Rahmen bestehender Nutzer- und Gesch\u00e4ftsbeziehungen werden die Angaben der anfragenden Personen verarbeitet soweit dies zur Beantwortung der Kontaktanfragen und etwaiger angefragter Ma\u00dfnahmen erforderlich ist.<\/p>\n\n\n\n<p>Die Beantwortung der Kontaktanfragen sowie die Verwaltung von Kontakt- und Anfragedaten im Rahmen von vertraglichen oder vorvertraglichen Beziehungen erfolgt zur Erf\u00fcllung unserer vertraglichen Pflichten oder zur Beantwortung von (vor)vertraglichen Anfragen und im \u00dcbrigen auf Grundlage der berechtigten Interessen an der Beantwortung der Anfragen und Pflege von Nutzer- bzw. Gesch\u00e4ftsbeziehungen.<\/p>\n\n\n\n<ul class=\"wp-block-list\">\n<li><strong>Verarbeitete Datenarten:<\/strong> Bestandsdaten (z.B. Namen, Adressen); Kontaktdaten (z.B. E-Mail, Telefonnummern); Inhaltsdaten (z.B. Eingaben in Onlineformularen).<\/li>\n\n\n\n<li><strong>Betroffene Personen:<\/strong> Kommunikationspartner.<\/li>\n\n\n\n<li><strong>Zwecke der Verarbeitung:<\/strong> Kontaktanfragen und Kommunikation; Erbringung vertraglicher Leistungen und Kundenservice.<\/li>\n\n\n\n<li><strong>Rechtsgrundlagen:<\/strong> Vertragserf\u00fcllung und vorvertragliche Anfragen (Art. 6 Abs. 1 S. 1 lit. b. DSGVO); Berechtigte Interessen (Art. 6 Abs. 1 S. 1 lit. f. DSGVO); Rechtliche Verpflichtung (Art. 6 Abs. 1 S. 1 lit. c. DSGVO).<\/li>\n<\/ul>\n\n\n\n<p><strong>Weitere Hinweise zu Verarbeitungsprozessen, Verfahren und Diensten:<\/strong><\/p>\n\n\n\n<ul class=\"wp-block-list\">\n<li><strong>Kontaktformular: <\/strong>Wenn Nutzer \u00fcber unser Kontaktformular, E-Mail oder andere Kommunikationswege mit uns in Kontakt treten, verarbeiten wir die uns in diesem Zusammenhang mitgeteilten Daten zur Bearbeitung des mitgeteilten Anliegens. Zu diesem Zweck verarbeiten wir personenbezogene Daten im Rahmen vorvertraglicher und vertraglicher Gesch\u00e4ftsbeziehungen, soweit dies zu deren Erf\u00fcllung erforderlich ist und im \u00dcbrigen auf Grundlage unserer berechtigten Interessen sowie der Interessen der Kommunikationspartner an der Beantwortung der Anliegen und unserer gesetzlichen Aufbewahrungspflichten.<\/li>\n<\/ul>\n\n\n\n<h2 class=\"wp-block-heading\" id=\"m15\">\u00c4nderung und Aktualisierung der Datenschutzerkl\u00e4rung<\/h2>\n\n\n\n<p>Wir bitten Sie, sich regelm\u00e4\u00dfig \u00fcber den Inhalt unserer Datenschutzerkl\u00e4rung zu informieren. Wir passen die Datenschutzerkl\u00e4rung an, sobald die \u00c4nderungen der von uns durchgef\u00fchrten Datenverarbeitungen dies erforderlich machen. Wir informieren Sie, sobald durch die \u00c4nderungen eine Mitwirkungshandlung Ihrerseits (z.B. Einwilligung) oder eine sonstige individuelle Benachrichtigung erforderlich wird.<\/p>\n\n\n\n<p>Sofern wir in dieser Datenschutzerkl\u00e4rung Adressen und Kontaktinformationen von Unternehmen und Organisationen angeben, bitten wir zu beachten, dass die Adressen sich \u00fcber die Zeit \u00e4ndern k\u00f6nnen und bitten die Angaben vor Kontaktaufnahme zu pr\u00fcfen.<\/p>\n\n\n\n<h2 class=\"wp-block-heading\" id=\"m10\">Rechte der betroffenen Personen<\/h2>\n\n\n\n<p>Ihnen stehen als Betroffene nach der DSGVO verschiedene Rechte zu, die sich insbesondere aus Art. 15 bis 21 DSGVO ergeben:<\/p>\n\n\n\n<ul class=\"wp-block-list\">\n<li><strong>Widerspruchsrecht: Sie haben das Recht, aus Gr\u00fcnden, die sich aus Ihrer besonderen Situation ergeben, jederzeit gegen die Verarbeitung der Sie betreffenden personenbezogenen Daten, die aufgrund von Art. 6 Abs. 1 lit. e oder f DSGVO erfolgt, Widerspruch einzulegen; dies gilt auch f\u00fcr ein auf diese Bestimmungen gest\u00fctztes Profiling. Werden die Sie betreffenden personenbezogenen Daten verarbeitet, um Direktwerbung zu betreiben, haben Sie das Recht, jederzeit Widerspruch gegen die Verarbeitung der Sie betreffenden personenbezogenen Daten zum Zwecke derartiger Werbung einzulegen; dies gilt auch f\u00fcr das Profiling, soweit es mit solcher Direktwerbung in Verbindung steht.<\/strong><\/li>\n\n\n\n<li><strong>Widerrufsrecht bei Einwilligungen:<\/strong> Sie haben das Recht, erteilte Einwilligungen jederzeit zu widerrufen.<\/li>\n\n\n\n<li><strong>Auskunftsrecht:<\/strong> Sie haben das Recht, eine Best\u00e4tigung dar\u00fcber zu verlangen, ob betreffende Daten verarbeitet werden und auf Auskunft \u00fcber diese Daten sowie auf weitere Informationen und Kopie der Daten entsprechend den gesetzlichen Vorgaben.<\/li>\n\n\n\n<li><strong>Recht auf Berichtigung:<\/strong> Sie haben entsprechend den gesetzlichen Vorgaben das Recht, die Vervollst\u00e4ndigung der Sie betreffenden Daten oder die Berichtigung der Sie betreffenden unrichtigen Daten zu verlangen.<\/li>\n\n\n\n<li><strong>Recht auf L\u00f6schung und Einschr\u00e4nkung der Verarbeitung:<\/strong> Sie haben nach Ma\u00dfgabe der gesetzlichen Vorgaben das Recht, zu verlangen, dass Sie betreffende Daten unverz\u00fcglich gel\u00f6scht werden, bzw. alternativ nach Ma\u00dfgabe der gesetzlichen Vorgaben eine Einschr\u00e4nkung der Verarbeitung der Daten zu verlangen.<\/li>\n\n\n\n<li><strong>Recht auf Daten\u00fcbertragbarkeit:<\/strong> Sie haben das Recht, Sie betreffende Daten, die Sie uns bereitgestellt haben, nach Ma\u00dfgabe der gesetzlichen Vorgaben in einem strukturierten, g\u00e4ngigen und maschinenlesbaren Format zu erhalten oder deren \u00dcbermittlung an einen anderen Verantwortlichen zu fordern.<\/li>\n\n\n\n<li><strong>Beschwerde bei Aufsichtsbeh\u00f6rde:<\/strong> Sie haben unbeschadet eines anderweitigen verwaltungsrechtlichen oder gerichtlichen Rechtsbehelfs das Recht auf Beschwerde bei einer Aufsichtsbeh\u00f6rde, insbesondere in dem Mitgliedstaat ihres gew\u00f6hnlichen Aufenthaltsorts, ihres Arbeitsplatzes oder des Orts des mutma\u00dflichen Versto\u00dfes, wenn Sie der Ansicht sind, dass die Verarbeitung der Sie betreffenden personenbezogenen Daten gegen die Vorgaben der DSGVO verst\u00f6\u00dft.<\/li>\n<\/ul>\n\n\n\n<h2 class=\"wp-block-heading\" id=\"m42\">Begriffsdefinitionen<\/h2>\n\n\n\n<p>In diesem Abschnitt erhalten Sie eine \u00dcbersicht \u00fcber die in dieser Datenschutzerkl\u00e4rung verwendeten Begrifflichkeiten. Viele der Begriffe sind dem Gesetz entnommen und vor allem im Art. 4 DSGVO definiert. Die gesetzlichen Definitionen sind verbindlich. Die nachfolgenden Erl\u00e4uterungen sollen dagegen vor allem dem Verst\u00e4ndnis dienen. Die Begriffe sind alphabetisch sortiert.<\/p>\n\n\n\n<ul class=\"wp-block-list\">\n<li><strong>Personenbezogene Daten:<\/strong> &#8222;Personenbezogene Daten\u201c sind alle Informationen, die sich auf eine identifizierte oder identifizierbare nat\u00fcrliche Person (im Folgenden &#8222;betroffene Person\u201c) beziehen; als identifizierbar wird eine nat\u00fcrliche Person angesehen, die direkt oder indirekt, insbesondere mittels Zuordnung zu einer Kennung wie einem Namen, zu einer Kennnummer, zu Standortdaten, zu einer Online-Kennung (z.B. Cookie) oder zu einem oder mehreren besonderen Merkmalen identifiziert werden kann, die Ausdruck der physischen, physiologischen, genetischen, psychischen, wirtschaftlichen, kulturellen oder sozialen Identit\u00e4t dieser nat\u00fcrlichen Person sind.<\/li>\n\n\n\n<li><strong>Verantwortlicher:<\/strong> Als &#8222;Verantwortlicher\u201c wird die nat\u00fcrliche oder juristische Person, Beh\u00f6rde, Einrichtung oder andere Stelle, die allein oder gemeinsam mit anderen \u00fcber die Zwecke und Mittel der Verarbeitung von personenbezogenen Daten entscheidet, bezeichnet.<\/li>\n\n\n\n<li><strong>Verarbeitung:<\/strong> &#8222;Verarbeitung&#8220; ist jeder mit oder ohne Hilfe automatisierter Verfahren ausgef\u00fchrte Vorgang oder jede solche Vorgangsreihe im Zusammenhang mit personenbezogenen Daten. Der Begriff reicht weit und umfasst praktisch jeden Umgang mit Daten, sei es das Erheben, das Auswerten, das Speichern, das \u00dcbermitteln oder das L\u00f6schen.<\/li>\n<\/ul>\n\n\n\n<figure class=\"wp-block-image\"><a href=\"https:\/\/datenschutz-generator.de\/\" target=\"_blank\" rel=\"noreferrer noopener\"><img decoding=\"async\" src=\"https:\/\/datenschutz-generator.de\/wp-content\/plugins\/ts-dsg\/images\/dsg-seal\/dsg-seal-pp-de.png\" alt=\"Rechtstext von Dr. Schwenke - f\u00fcr weitere Informationen bitte anklicken.\"\/><\/a><\/figure>","protected":false},"excerpt":{"rendered":"<p>Einleitung Mit der folgenden Datenschutzerkl\u00e4rung m\u00f6chten wir Sie dar\u00fcber aufkl\u00e4ren, welche Arten Ihrer personenbezogenen Daten (nachfolgend auch kurz als &#8222;Daten\u201c bezeichnet) wir zu welchen Zwecken und in welchem Umfang verarbeiten. [&hellip;]<\/p>\n","protected":false},"author":1,"featured_media":0,"parent":0,"menu_order":0,"comment_status":"closed","ping_status":"closed","template":"","meta":{"footnotes":""},"class_list":["post-161","page","type-page","status-publish","hentry"],"_links":{"self":[{"href":"https:\/\/daebritz-pmd.eu\/en\/wp-json\/wp\/v2\/pages\/161","targetHints":{"allow":["GET"]}}],"collection":[{"href":"https:\/\/daebritz-pmd.eu\/en\/wp-json\/wp\/v2\/pages"}],"about":[{"href":"https:\/\/daebritz-pmd.eu\/en\/wp-json\/wp\/v2\/types\/page"}],"author":[{"embeddable":true,"href":"https:\/\/daebritz-pmd.eu\/en\/wp-json\/wp\/v2\/users\/1"}],"replies":[{"embeddable":true,"href":"https:\/\/daebritz-pmd.eu\/en\/wp-json\/wp\/v2\/comments?post=161"}],"version-history":[{"count":14,"href":"https:\/\/daebritz-pmd.eu\/en\/wp-json\/wp\/v2\/pages\/161\/revisions"}],"predecessor-version":[{"id":655,"href":"https:\/\/daebritz-pmd.eu\/en\/wp-json\/wp\/v2\/pages\/161\/revisions\/655"}],"wp:attachment":[{"href":"https:\/\/daebritz-pmd.eu\/en\/wp-json\/wp\/v2\/media?parent=161"}],"curies":[{"name":"wp","href":"https:\/\/api.w.org\/{rel}","templated":true}]}}